{"id":21026,"date":"2025-07-17T16:08:57","date_gmt":"2025-07-17T14:08:57","guid":{"rendered":"https:\/\/audiophony-pa.com\/?post_type=product&#038;p=21026"},"modified":"2025-09-10T11:35:53","modified_gmt":"2025-09-10T09:35:53","slug":"prezone444-mk2","status":"publish","type":"product","link":"https:\/\/audiophony-pa.com\/en\/product\/prezone444-mk2\/","title":{"rendered":"PREZONE444 MKII"},"content":{"rendered":"<div class=\"wpb-content-wrapper\"><p>[vc_row][vc_column][vc_row_inner][vc_column_inner width=&#8221;1\/6&#8243;][\/vc_column_inner][vc_column_inner width=&#8221;2\/3&#8243;]<div class=\"mkd-section-title-holder\" style=\"text-align: center\">\n\t\t\t<h2 class=\"mkd-st-title\" style=\"color: #080808\">\n\t\t\t<span>COMPATIBLE WP1 et MIC-DESK4<\/span>\n\t\t<\/h2>\n\t\t\t\t<p class=\"mkd-st-text\" style=\"font-weight: 400\">Le WP1 permet de d\u00e9porter une entr\u00e9e dans une autre pi\u00e8ce et de contr\u00f4ler le volume de cette zone. Le MIC-DESK4 permet de passer les annonces dans les zones choisies.<\/p>\n\t<\/div>[vc_empty_space height=&#8221;40px&#8221;][\/vc_column_inner][vc_column_inner width=&#8221;1\/6&#8243;][\/vc_column_inner][\/vc_row_inner][\/vc_column][\/vc_row][vc_row row_content_width=&#8221;grid&#8221; css=&#8221;.vc_custom_1567513878916{padding-top: 80px !important;padding-bottom: 62px !important;}&#8221;][vc_column width=&#8221;2\/3&#8243;]<div class=\"mkd-animation-holder mkd-element-from-right\" data-animation=\"mkd-element-from-right\" data-animation-delay=\"1000\"><div class=\"mkd-animation-inner\"><div class=\"mkd-banner-holder\">\n    <div class=\"mkd-banner-image\">\n        <img loading=\"lazy\" decoding=\"async\" width=\"1200\" height=\"800\" src=\"https:\/\/audiophony-pa.com\/wp-content\/uploads\/2019\/09\/prezone444_1.jpg\" class=\"attachment-full size-full\" alt=\"\" srcset=\"https:\/\/audiophony-pa.com\/wp-content\/uploads\/2019\/09\/prezone444_1.jpg 1200w, https:\/\/audiophony-pa.com\/wp-content\/uploads\/2019\/09\/prezone444_1-300x200.jpg 300w, https:\/\/audiophony-pa.com\/wp-content\/uploads\/2019\/09\/prezone444_1-768x512.jpg 768w, https:\/\/audiophony-pa.com\/wp-content\/uploads\/2019\/09\/prezone444_1-1024x683.jpg 1024w, https:\/\/audiophony-pa.com\/wp-content\/uploads\/2019\/09\/prezone444_1-600x400.jpg 600w\" sizes=\"auto, (max-width: 1200px) 100vw, 1200px\" \/>    <\/div>\n    <div class=\"mkd-banner-text-holder\">\n\t    <div class=\"mkd-banner-text-inner\">\n\t        \t        \t\t\t\t\t<\/div>\n\t<\/div>\n\t<\/div><\/div><\/div>[\/vc_column][vc_column width=&#8221;1\/3&#8243;]<div class=\"mkd-animation-holder mkd-element-from-left\" data-animation=\"mkd-element-from-left\" data-animation-delay=\"1000\"><div class=\"mkd-animation-inner\"><div class=\"mkd-elements-holder mkd-responsive-mode-768\" ><div class=\"mkd-eh-item \"  data-item-class=\"mkd-eh-custom-894142\">\n\t<div class=\"mkd-eh-item-inner\">\n\t\t<div class=\"mkd-eh-item-content mkd-eh-custom-894142\" style=\"padding: 100px 0px 0px 0px\">\n\t\t\t[vc_column_text]<\/p>\n<p class=\"p1\"><b>8 Inputs<\/b><\/p>\n<p class=\"p1\">Each input can be routed to the zone(s) of its choice.<br \/>\nInstaller settings can be accessed by screwdriver.<\/p>\n<p>[\/vc_column_text]\t\t<\/div>\n\t<\/div>\n<\/div><\/div><\/div><\/div>[\/vc_column][\/vc_row][vc_row row_content_width=&#8221;grid&#8221; css=&#8221;.vc_custom_1565353156941{padding-top: 80px !important;padding-bottom: 62px !important;}&#8221;][vc_column width=&#8221;1\/3&#8243;]<div class=\"mkd-animation-holder mkd-element-from-left\" data-animation=\"mkd-element-from-left\" data-animation-delay=\"1000\"><div class=\"mkd-animation-inner\"><div class=\"mkd-elements-holder mkd-responsive-mode-768\" ><div class=\"mkd-eh-item \"  data-item-class=\"mkd-eh-custom-796097\">\n\t<div class=\"mkd-eh-item-inner\">\n\t\t<div class=\"mkd-eh-item-content mkd-eh-custom-796097\" style=\"padding: 100px 0px 0px 0px\">\n\t\t\t[vc_column_text css=&#8221;&#8221;]<\/p>\n<p class=\"p1\"><b>4 Outputs<\/b><\/p>\n<p class=\"p1\">The PREZONE444 MKII is equipped with a monitoring loudspeaker to check the signal sent to each output.<\/p>\n<p>[\/vc_column_text]\t\t<\/div>\n\t<\/div>\n<\/div><\/div><\/div><\/div>[\/vc_column][vc_column width=&#8221;2\/3&#8243;]<div class=\"mkd-animation-holder mkd-element-from-right\" data-animation=\"mkd-element-from-right\" data-animation-delay=\"1000\"><div class=\"mkd-animation-inner\"><div class=\"mkd-banner-holder\">\n    <div class=\"mkd-banner-image\">\n        <img loading=\"lazy\" decoding=\"async\" width=\"1205\" height=\"683\" src=\"https:\/\/audiophony-pa.com\/wp-content\/uploads\/2025\/07\/prezone444-MK2_face_output.jpg\" class=\"attachment-full size-full\" alt=\"\" srcset=\"https:\/\/audiophony-pa.com\/wp-content\/uploads\/2025\/07\/prezone444-MK2_face_output.jpg 1205w, https:\/\/audiophony-pa.com\/wp-content\/uploads\/2025\/07\/prezone444-MK2_face_output-300x170.jpg 300w, https:\/\/audiophony-pa.com\/wp-content\/uploads\/2025\/07\/prezone444-MK2_face_output-1024x580.jpg 1024w, https:\/\/audiophony-pa.com\/wp-content\/uploads\/2025\/07\/prezone444-MK2_face_output-768x435.jpg 768w, https:\/\/audiophony-pa.com\/wp-content\/uploads\/2025\/07\/prezone444-MK2_face_output-600x340.jpg 600w\" sizes=\"auto, (max-width: 1205px) 100vw, 1205px\" \/>    <\/div>\n    <div class=\"mkd-banner-text-holder\">\n\t    <div class=\"mkd-banner-text-inner\">\n\t        \t        \t\t\t\t\t<\/div>\n\t<\/div>\n\t<\/div><\/div><\/div>[\/vc_column][\/vc_row][vc_row][vc_column]<div class=\"mkd-section-title-holder\" style=\"text-align: center\">\n\t\t\t<h2 class=\"mkd-st-title\" style=\"color: #080808\">\n\t\t\t<span>Exemple de configuration<\/span>\n\t\t<\/h2>\n\t\t<\/div>[\/vc_column][\/vc_row][vc_row css=&#8221;.vc_custom_1567514194465{background-color: #d0d5d8 !important;}&#8221;][vc_column]<div class=\"mkd-animation-holder mkd-element-from-fade\" data-animation=\"mkd-element-from-fade\" data-animation-delay=\"1000\"><div class=\"mkd-animation-inner\"><div class=\"mkd-banner-holder\">\n    <div class=\"mkd-banner-image\">\n        <img loading=\"lazy\" decoding=\"async\" width=\"2500\" height=\"1854\" src=\"https:\/\/audiophony-pa.com\/wp-content\/uploads\/2019\/09\/prezone444.png\" class=\"attachment-full size-full\" alt=\"\" srcset=\"https:\/\/audiophony-pa.com\/wp-content\/uploads\/2019\/09\/prezone444.png 2500w, https:\/\/audiophony-pa.com\/wp-content\/uploads\/2019\/09\/prezone444-300x222.png 300w, https:\/\/audiophony-pa.com\/wp-content\/uploads\/2019\/09\/prezone444-768x570.png 768w, https:\/\/audiophony-pa.com\/wp-content\/uploads\/2019\/09\/prezone444-1024x759.png 1024w, https:\/\/audiophony-pa.com\/wp-content\/uploads\/2019\/09\/prezone444-600x445.png 600w\" sizes=\"auto, (max-width: 2500px) 100vw, 2500px\" \/>    <\/div>\n    <div class=\"mkd-banner-text-holder\">\n\t    <div class=\"mkd-banner-text-inner\">\n\t        \t        \t\t\t\t\t<\/div>\n\t<\/div>\n\t<\/div><\/div><\/div>[\/vc_column][\/vc_row][vc_row full_width=&#8221;stretch_row_content_no_spaces&#8221; content_text_aligment=&#8221;center&#8221; css=&#8221;.vc_custom_1566224018350{padding-top: 100px !important;padding-bottom: 150px !important;background-image: url(https:\/\/audiophony-pa.com\/wp-content\/uploads\/2019\/08\/audiophony_trouver_revendeur.jpg?id=6515) !important;background-position: center !important;background-repeat: no-repeat !important;background-size: cover !important;}&#8221;][vc_column][vc_column_text el_class=&#8221;listen_audiophony&#8221;]<\/p>\n<p style=\"text-align: center;color: white\"><strong>LISTEN TO AUDIOPHONY P.A. PRODUCTS<\/strong><\/p>\n<p>[\/vc_column_text]<div class=\"mkd-elements-holder mkd-responsive-mode-768\" ><div class=\"mkd-eh-item \"  data-item-class=\"mkd-eh-custom-596295\" data-1280-1600=\"0px 24%\" data-768-1024=\"0px 17%\" data-480=\"0px 3%\">\n\t<div class=\"mkd-eh-item-inner\">\n\t\t<div class=\"mkd-eh-item-content mkd-eh-custom-596295\" style=\"padding: 0px 29%\">\n\t\t\t<div class=\"mkd-section-title-holder\" style=\"text-align: center\">\n\t\t\t\t<p class=\"mkd-st-text\" style=\"color: #ffffff;font-weight: 600\">Trouvez un revendeur agr\u00e9\u00e9 Audiophony P.A. pr\u00e8s de chez vous.<\/p>\n\t<\/div>\t\t<\/div>\n\t<\/div>\n<\/div><\/div>[vc_empty_space height=&#8221;44px&#8221;]<a itemprop=\"url\" href=\"https:\/\/audiophony-pa.com\/trouver-un-revendeur\/\" target=\"_self\" style=\"color: #000000;background-color: #ffffff\" class=\"mkd-btn mkd-btn-medium mkd-btn-solid mkd-btn-custom-hover-bg mkd-btn-custom-border-hover mkd-btn-custom-hover-color mkd-btn-icon\" data-hover-color=\"#000000\" data-hover-bg-color=\"rgba(255,255,255,0.8)\" data-hover-border-color=\"rgba(255,255,255,0.2)\" >\n    <span class=\"mkd-btn-text\"><\/span>\n    <i class=\"mkd-icon-linear-icon lnr lnr-volume-high \" ><\/i><\/a>[\/vc_column][\/vc_row]<\/p>\n<\/div>","protected":false},"excerpt":{"rendered":"<p>8-channel mixer with 4 independent output zones<br \/>\n&#8211; Each input can be routed to the zone of your choice<br \/>\n&#8211; Compatible with WP1 wall controller<br \/>\n&#8211; Compatible with MIC-DESK4 4-zone console<\/p>\n","protected":false},"featured_media":21028,"template":"","meta":[],"product_brand":[],"product_cat":[402],"product_tag":[381],"class_list":{"0":"post-21026","1":"product","2":"type-product","3":"status-publish","4":"has-post-thumbnail","6":"product_cat-audio-mixers","7":"product_tag-new-en","9":"first","10":"instock","11":"shipping-taxable","12":"product-type-simple"},"_links":{"self":[{"href":"https:\/\/audiophony-pa.com\/en\/wp-json\/wp\/v2\/product\/21026","targetHints":{"allow":["GET"]}}],"collection":[{"href":"https:\/\/audiophony-pa.com\/en\/wp-json\/wp\/v2\/product"}],"about":[{"href":"https:\/\/audiophony-pa.com\/en\/wp-json\/wp\/v2\/types\/product"}],"wp:featuredmedia":[{"embeddable":true,"href":"https:\/\/audiophony-pa.com\/en\/wp-json\/wp\/v2\/media\/21028"}],"wp:attachment":[{"href":"https:\/\/audiophony-pa.com\/en\/wp-json\/wp\/v2\/media?parent=21026"}],"wp:term":[{"taxonomy":"product_brand","embeddable":true,"href":"https:\/\/audiophony-pa.com\/en\/wp-json\/wp\/v2\/product_brand?post=21026"},{"taxonomy":"product_cat","embeddable":true,"href":"https:\/\/audiophony-pa.com\/en\/wp-json\/wp\/v2\/product_cat?post=21026"},{"taxonomy":"product_tag","embeddable":true,"href":"https:\/\/audiophony-pa.com\/en\/wp-json\/wp\/v2\/product_tag?post=21026"}],"curies":[{"name":"wp","href":"https:\/\/api.w.org\/{rel}","templated":true}]}}