{"id":18682,"date":"2020-03-13T14:14:40","date_gmt":"2020-03-13T13:14:40","guid":{"rendered":"https:\/\/audiophony-pa.com\/produit\/dtcl\/"},"modified":"2025-09-10T11:35:26","modified_gmt":"2025-09-10T09:35:26","slug":"dctl","status":"publish","type":"product","link":"https:\/\/audiophony-pa.com\/en\/product\/dctl\/","title":{"rendered":"DCTL"},"content":{"rendered":"<div class=\"wpb-content-wrapper\"><p>[vc_row][vc_column][vc_row_inner][vc_column_inner width=&#8221;1\/6&#8243;][\/vc_column_inner][vc_column_inner width=&#8221;2\/3&#8243;]<div class=\"mkd-section-title-holder\" style=\"text-align: center\">\n\t\t\t<h2 class=\"mkd-st-title\" style=\"color: #080808\">\n\t\t\t<span>Le contr\u00f4le \u00e0 distance pour la matrice DZONE88<\/span>\n\t\t<\/h2>\n\t\t\t\t<p class=\"mkd-st-text\" style=\"color: #080808;font-weight: 400\">Le DCTL est le boitier mural de contr\u00f4le \u00e0 distance pour la matrice DZONE88, il permet gr\u00e2ce \u00e0 son \u00e9cran tactile d\u2019intervenir sur les 8 niveaux d\u2019entr\u00e9es, les 8 niveaux de sorties et le volume g\u00e9n\u00e9ral de la matrice, il permet aussi \u00e0 tout moment de s\u00e9lectionner un preset utilisateur mis en m\u00e9moire lors de la configuration.<\/p>\n\t<\/div>[\/vc_column_inner][vc_column_inner width=&#8221;1\/6&#8243;][\/vc_column_inner][\/vc_row_inner][\/vc_column][\/vc_row][vc_row][vc_column][vc_empty_space height=&#8221;120px&#8221;][vc_row_inner][vc_column_inner width=&#8221;1\/6&#8243;][\/vc_column_inner][vc_column_inner width=&#8221;2\/3&#8243;]<div class=\"mkd-section-title-holder\" style=\"text-align: center\">\n\t\t\t<h2 class=\"mkd-st-title\" style=\"color: #080808\">\n\t\t\t<span>Bo\u00eetier d\u2019encastrement compatible avec DCTL<\/span>\n\t\t<\/h2>\n\t\t<\/div>[\/vc_column_inner][vc_column_inner width=&#8221;1\/6&#8243;][\/vc_column_inner][\/vc_row_inner][vc_row_inner css=&#8221;.vc_custom_1584457776539{background-color: #f4f4f4 !important;}&#8221;][vc_column_inner width=&#8221;1\/4&#8243;][\/vc_column_inner][vc_column_inner width=&#8221;1\/4&#8243;]<div class=\"mkd-animation-holder mkd-element-from-left\" data-animation=\"mkd-element-from-left\" data-animation-delay=\"\"><div class=\"mkd-animation-inner\"><div class=\"mkd-banner-holder\">\n    <div class=\"mkd-banner-image\">\n        <img loading=\"lazy\" decoding=\"async\" width=\"600\" height=\"636\" src=\"https:\/\/audiophony-pa.com\/wp-content\/uploads\/2020\/03\/pilotbox.png\" class=\"attachment-full size-full\" alt=\"\" srcset=\"https:\/\/audiophony-pa.com\/wp-content\/uploads\/2020\/03\/pilotbox.png 600w, https:\/\/audiophony-pa.com\/wp-content\/uploads\/2020\/03\/pilotbox-283x300.png 283w\" sizes=\"auto, (max-width: 600px) 100vw, 600px\" \/>    <\/div>\n    <div class=\"mkd-banner-text-holder\">\n\t    <div class=\"mkd-banner-text-inner\">\n\t        \t        \t\t\t\t\t<\/div>\n\t<\/div>\n\t<\/div><\/div><\/div>[\/vc_column_inner][vc_column_inner width=&#8221;1\/4&#8243;]<div class=\"mkd-animation-holder mkd-element-from-right\" data-animation=\"mkd-element-from-right\" data-animation-delay=\"\"><div class=\"mkd-animation-inner\">[vc_column_text]<\/p>\n<p class=\"p1\">DCTL compatible back box<\/p>\n<p>H10637 &#8211; PILOTBOX &#8211; Square back box 47 mm white<br \/>\nH10638 &#8211; PILOTSCREW &#8211; Steel screw size M3.5&#215;20 &#8211; 1 piece[\/vc_column_text]<\/div><\/div>[\/vc_column_inner][vc_column_inner width=&#8221;1\/4&#8243;][\/vc_column_inner][\/vc_row_inner][\/vc_column][\/vc_row]<\/p>\n<\/div>","protected":false},"excerpt":{"rendered":"<p>Wall control box for DZONE88 matrix<\/p>\n","protected":false},"featured_media":18680,"template":"","meta":[],"product_brand":[],"product_cat":[393],"product_tag":[],"class_list":{"0":"post-18682","1":"product","2":"type-product","3":"status-publish","4":"has-post-thumbnail","6":"product_cat-wall-mounted-controller","8":"first","9":"instock","10":"shipping-taxable","11":"product-type-simple"},"_links":{"self":[{"href":"https:\/\/audiophony-pa.com\/en\/wp-json\/wp\/v2\/product\/18682","targetHints":{"allow":["GET"]}}],"collection":[{"href":"https:\/\/audiophony-pa.com\/en\/wp-json\/wp\/v2\/product"}],"about":[{"href":"https:\/\/audiophony-pa.com\/en\/wp-json\/wp\/v2\/types\/product"}],"wp:featuredmedia":[{"embeddable":true,"href":"https:\/\/audiophony-pa.com\/en\/wp-json\/wp\/v2\/media\/18680"}],"wp:attachment":[{"href":"https:\/\/audiophony-pa.com\/en\/wp-json\/wp\/v2\/media?parent=18682"}],"wp:term":[{"taxonomy":"product_brand","embeddable":true,"href":"https:\/\/audiophony-pa.com\/en\/wp-json\/wp\/v2\/product_brand?post=18682"},{"taxonomy":"product_cat","embeddable":true,"href":"https:\/\/audiophony-pa.com\/en\/wp-json\/wp\/v2\/product_cat?post=18682"},{"taxonomy":"product_tag","embeddable":true,"href":"https:\/\/audiophony-pa.com\/en\/wp-json\/wp\/v2\/product_tag?post=18682"}],"curies":[{"name":"wp","href":"https:\/\/api.w.org\/{rel}","templated":true}]}}