{"id":18151,"date":"2019-08-27T09:56:24","date_gmt":"2019-10-16T04:18:31","guid":{"rendered":"https:\/\/audiophony-pa.com\/produit\/stone45\/"},"modified":"2025-06-17T15:48:46","modified_gmt":"2025-06-17T13:48:46","slug":"stone45","status":"publish","type":"product","link":"https:\/\/audiophony-pa.com\/en\/product\/stone45\/","title":{"rendered":"STONE45"},"content":{"rendered":"<div class=\"wpb-content-wrapper\"><p>[vc_row][vc_column][vc_row_inner row_content_width=&#8221;grid&#8221;][vc_column_inner width=&#8221;1\/5&#8243;][\/vc_column_inner][vc_column_inner width=&#8221;1\/5&#8243;][\/vc_column_inner][vc_column_inner width=&#8221;1\/5&#8243;][vc_single_image image=&#8221;6782&#8243; alignment=&#8221;center&#8221; css_animation=&#8221;fadeIn&#8221;][\/vc_column_inner][vc_column_inner width=&#8221;1\/5&#8243;][\/vc_column_inner][vc_column_inner width=&#8221;1\/5&#8243;][\/vc_column_inner][\/vc_row_inner][vc_row_inner][vc_column_inner width=&#8221;1\/6&#8243;][\/vc_column_inner][vc_column_inner width=&#8221;2\/3&#8243;]<div class=\"mkd-section-title-holder\" style=\"text-align: center\">\n\t\t\t<h2 class=\"mkd-st-title\" style=\"color: #080808\">\n\t\t\t<span>Resistant to major damage.<\/span>\n\t\t<\/h2>\n\t\t\t\t<p class=\"mkd-st-text\" style=\"color: #080808;font-weight: 400\">Ideal for sound reproduction in a natural environment, the STONE45 speaker and the specific treatment of its resin shell and its loudspeaker, ensure a perfect integration in all your outdoor installations, even in difficult humid conditions.<\/p>\n\t<\/div>[\/vc_column_inner][vc_column_inner width=&#8221;1\/6&#8243;][\/vc_column_inner][\/vc_row_inner][\/vc_column][\/vc_row][vc_row][vc_column][vc_empty_space height=&#8221;60px&#8221;][\/vc_column][\/vc_row][vc_row][vc_column]<div class=\"mkd-banner-holder\">\n    <div class=\"mkd-banner-image\">\n        <img loading=\"lazy\" decoding=\"async\" width=\"2600\" height=\"1734\" src=\"https:\/\/audiophony-pa.com\/wp-content\/uploads\/2019\/08\/STONE45_MES.jpg\" class=\"attachment-full size-full\" alt=\"STONE45 exterieur hotel\" srcset=\"https:\/\/audiophony-pa.com\/wp-content\/uploads\/2019\/08\/STONE45_MES.jpg 2600w, https:\/\/audiophony-pa.com\/wp-content\/uploads\/2019\/08\/STONE45_MES-300x200.jpg 300w, https:\/\/audiophony-pa.com\/wp-content\/uploads\/2019\/08\/STONE45_MES-768x512.jpg 768w, https:\/\/audiophony-pa.com\/wp-content\/uploads\/2019\/08\/STONE45_MES-1024x683.jpg 1024w, https:\/\/audiophony-pa.com\/wp-content\/uploads\/2019\/08\/STONE45_MES-600x400.jpg 600w\" sizes=\"auto, (max-width: 2600px) 100vw, 2600px\" \/>    <\/div>\n    <div class=\"mkd-banner-text-holder\">\n\t    <div class=\"mkd-banner-text-inner\">\n\t        \t        \t\t\t\t\t<\/div>\n\t<\/div>\n\t<\/div>[\/vc_column][\/vc_row][vc_row row_content_width=&#8221;grid&#8221; css=&#8221;.vc_custom_1564994191293{padding-top: 40px !important;}&#8221;][vc_column offset=&#8221;vc_col-md-8&#8243;]<div class=\"mkd-banner-holder\">\n    <div class=\"mkd-banner-image\">\n        <img loading=\"lazy\" decoding=\"async\" width=\"1446\" height=\"1042\" src=\"https:\/\/audiophony-pa.com\/wp-content\/uploads\/2019\/08\/STONE45_schema.jpg\" class=\"attachment-full size-full\" alt=\"\" srcset=\"https:\/\/audiophony-pa.com\/wp-content\/uploads\/2019\/08\/STONE45_schema.jpg 1446w, https:\/\/audiophony-pa.com\/wp-content\/uploads\/2019\/08\/STONE45_schema-300x216.jpg 300w, https:\/\/audiophony-pa.com\/wp-content\/uploads\/2019\/08\/STONE45_schema-768x553.jpg 768w, https:\/\/audiophony-pa.com\/wp-content\/uploads\/2019\/08\/STONE45_schema-1024x738.jpg 1024w, https:\/\/audiophony-pa.com\/wp-content\/uploads\/2019\/08\/STONE45_schema-600x432.jpg 600w\" sizes=\"auto, (max-width: 1446px) 100vw, 1446px\" \/>    <\/div>\n    <div class=\"mkd-banner-text-holder\">\n\t    <div class=\"mkd-banner-text-inner\">\n\t        \t        \t            <h5 class=\"mkd-banner-title\" style=\"color: #080808\">Configuration<\/h5>\n\t        \t\t\t\t\t<\/div>\n\t<\/div>\n\t<\/div>[vc_empty_space height=&#8221;20px&#8221;][\/vc_column][vc_column offset=&#8221;vc_col-md-4&#8243;]<div class=\"mkd-banner-holder\">\n    <div class=\"mkd-banner-image\">\n        <img loading=\"lazy\" decoding=\"async\" width=\"826\" height=\"596\" src=\"https:\/\/audiophony-pa.com\/wp-content\/uploads\/2019\/08\/esprit_cosy.jpg\" class=\"attachment-full size-full\" alt=\"\" srcset=\"https:\/\/audiophony-pa.com\/wp-content\/uploads\/2019\/08\/esprit_cosy.jpg 826w, https:\/\/audiophony-pa.com\/wp-content\/uploads\/2019\/08\/esprit_cosy-300x216.jpg 300w, https:\/\/audiophony-pa.com\/wp-content\/uploads\/2019\/08\/esprit_cosy-768x554.jpg 768w, https:\/\/audiophony-pa.com\/wp-content\/uploads\/2019\/08\/esprit_cosy-600x433.jpg 600w\" sizes=\"auto, (max-width: 826px) 100vw, 826px\" \/>    <\/div>\n    <div class=\"mkd-banner-text-holder\">\n\t    <div class=\"mkd-banner-text-inner\">\n\t        \t        \t            <h5 class=\"mkd-banner-title\" style=\"color: #ffffff\">Cosy spirit<\/h5>\n\t        \t\t\t\t            <p class=\"mkd-banner-text\" style=\"color: #ffffff\">HiFi solutions for party and relaxation areas<\/p>\n\t        \t\t<\/div>\n\t<\/div>\n\t        <a itemprop=\"url\" class=\"mkd-banner-link\" href=\"https:\/\/audiophony-pa.com\/esprit-cozy\/\" target=\"_self\"><\/a>\n    <\/div>[vc_empty_space height=&#8221;20px&#8221;]<div class=\"mkd-banner-holder\">\n    <div class=\"mkd-banner-image\">\n        <img loading=\"lazy\" decoding=\"async\" width=\"826\" height=\"596\" src=\"https:\/\/audiophony-pa.com\/wp-content\/uploads\/2019\/08\/en_terrasse.jpg\" class=\"attachment-full size-full\" alt=\"\" srcset=\"https:\/\/audiophony-pa.com\/wp-content\/uploads\/2019\/08\/en_terrasse.jpg 826w, https:\/\/audiophony-pa.com\/wp-content\/uploads\/2019\/08\/en_terrasse-300x216.jpg 300w, https:\/\/audiophony-pa.com\/wp-content\/uploads\/2019\/08\/en_terrasse-768x554.jpg 768w, https:\/\/audiophony-pa.com\/wp-content\/uploads\/2019\/08\/en_terrasse-600x433.jpg 600w\" sizes=\"auto, (max-width: 826px) 100vw, 826px\" \/>    <\/div>\n    <div class=\"mkd-banner-text-holder\">\n\t    <div class=\"mkd-banner-text-inner\">\n\t        \t        \t            <h5 class=\"mkd-banner-title\" style=\"color: #ffffff\">On the terrace<\/h5>\n\t        \t\t\t\t            <p class=\"mkd-banner-text\" style=\"color: #ffffff\">Your installations in outdoor and wet locations.<\/p>\n\t        \t\t<\/div>\n\t<\/div>\n\t        <a itemprop=\"url\" class=\"mkd-banner-link\" href=\"https:\/\/audiophony-pa.com\/en-terrasse\/\" target=\"_self\"><\/a>\n    <\/div>[\/vc_column][\/vc_row][vc_row][vc_column][vc_empty_space height=&#8221;60px&#8221;][\/vc_column][\/vc_row][vc_row full_width=&#8221;stretch_row_content_no_spaces&#8221; content_text_aligment=&#8221;center&#8221; css=&#8221;.vc_custom_1566215437068{padding-top: 100px !important;padding-bottom: 150px !important;background-image: url(https:\/\/audiophony-pa.com\/wp-content\/uploads\/2019\/08\/audiophony_trouver_revendeur.jpg?id=6515) !important;background-position: center !important;background-repeat: no-repeat !important;background-size: cover !important;}&#8221;][vc_column][vc_column_text el_class=&#8221;listen_audiophony&#8221;]<\/p>\n<p style=\"text-align: center; color: white;\"><strong>LISTEN TO AUDIOPHONY P.A. PRODUCTS<\/strong><\/p>\n<p>[\/vc_column_text]<div class=\"mkd-elements-holder mkd-responsive-mode-768\" ><div class=\"mkd-eh-item \"  data-item-class=\"mkd-eh-custom-220149\" data-1280-1600=\"0px 24%\" data-768-1024=\"0px 17%\" data-480=\"0px 3%\">\n\t<div class=\"mkd-eh-item-inner\">\n\t\t<div class=\"mkd-eh-item-content mkd-eh-custom-220149\" style=\"padding: 0px 29%\">\n\t\t\t<div class=\"mkd-section-title-holder\" style=\"text-align: center\">\n\t\t\t\t<p class=\"mkd-st-text\" style=\"color: #ffffff;font-weight: 400\">Trouvez un revendeur agr\u00e9\u00e9 Audiophony P.A. pr\u00e8s de chez vous.<\/p>\n\t<\/div>\t\t<\/div>\n\t<\/div>\n<\/div><\/div>[vc_empty_space height=&#8221;44px&#8221;]<a itemprop=\"url\" href=\"https:\/\/audiophony-pa.com\/trouver-un-revendeur\/\" target=\"_self\" style=\"color: #000000;background-color: #ffffff\" class=\"mkd-btn mkd-btn-medium mkd-btn-solid mkd-btn-custom-hover-bg mkd-btn-custom-border-hover mkd-btn-custom-hover-color mkd-btn-icon\" data-hover-color=\"#000000\" data-hover-bg-color=\"rgba(255,255,255,0.8)\" data-hover-border-color=\"rgba(255,255,255,0.2)\" >\n    <span class=\"mkd-btn-text\"><\/span>\n    <i class=\"mkd-icon-linear-icon lnr lnr-volume-high \" ><\/i><\/a>[\/vc_column][\/vc_row]<\/p>\n<\/div>","protected":false},"excerpt":{"rendered":"<p>Discreet rock speaker IP66 45 W 6,5&#8243; 100 V<\/p>\n","protected":false},"featured_media":9527,"template":"","meta":[],"product_brand":[],"product_cat":[379,395],"product_tag":[],"class_list":{"0":"post-18151","1":"product","2":"type-product","3":"status-publish","4":"has-post-thumbnail","6":"product_cat-speakers","7":"product_cat-garden-speaker","9":"first","10":"outofstock","11":"shipping-taxable","12":"product-type-simple"},"_links":{"self":[{"href":"https:\/\/audiophony-pa.com\/en\/wp-json\/wp\/v2\/product\/18151","targetHints":{"allow":["GET"]}}],"collection":[{"href":"https:\/\/audiophony-pa.com\/en\/wp-json\/wp\/v2\/product"}],"about":[{"href":"https:\/\/audiophony-pa.com\/en\/wp-json\/wp\/v2\/types\/product"}],"wp:featuredmedia":[{"embeddable":true,"href":"https:\/\/audiophony-pa.com\/en\/wp-json\/wp\/v2\/media\/9527"}],"wp:attachment":[{"href":"https:\/\/audiophony-pa.com\/en\/wp-json\/wp\/v2\/media?parent=18151"}],"wp:term":[{"taxonomy":"product_brand","embeddable":true,"href":"https:\/\/audiophony-pa.com\/en\/wp-json\/wp\/v2\/product_brand?post=18151"},{"taxonomy":"product_cat","embeddable":true,"href":"https:\/\/audiophony-pa.com\/en\/wp-json\/wp\/v2\/product_cat?post=18151"},{"taxonomy":"product_tag","embeddable":true,"href":"https:\/\/audiophony-pa.com\/en\/wp-json\/wp\/v2\/product_tag?post=18151"}],"curies":[{"name":"wp","href":"https:\/\/api.w.org\/{rel}","templated":true}]}}