{"id":18108,"date":"2019-09-05T10:52:11","date_gmt":"2019-09-05T08:52:11","guid":{"rendered":"https:\/\/audiophony-pa.com\/produit\/amp4240\/"},"modified":"2025-09-10T11:36:03","modified_gmt":"2025-09-10T09:36:03","slug":"amp4240mk2","status":"publish","type":"product","link":"https:\/\/audiophony-pa.com\/en\/product\/amp4240mk2\/","title":{"rendered":"AMP4240MKII"},"content":{"rendered":"<div class=\"wpb-content-wrapper\"><p>[vc_row][vc_column][vc_row_inner][vc_column_inner width=&#8221;1\/6&#8243;][\/vc_column_inner][vc_column_inner width=&#8221;2\/3&#8243;]<div class=\"mkd-section-title-holder\" style=\"text-align: center\">\n\t\t\t<h2 class=\"mkd-st-title\" style=\"color: #080808\">\n\t\t\t<span>Amplificateur professionnel 4 voies<\/span>\n\t\t<\/h2>\n\t\t<\/div>[vc_empty_space height=&#8221;80px&#8221;][\/vc_column_inner][vc_column_inner width=&#8221;1\/6&#8243;][\/vc_column_inner][\/vc_row_inner][\/vc_column][\/vc_row][vc_row row_content_width=&#8221;grid&#8221; content_text_aligment=&#8221;center&#8221;][vc_column width=&#8221;1\/4&#8243;][\/vc_column][vc_column width=&#8221;1\/4&#8243;]<div class=\"mkd-animation-holder mkd-element-from-left\" data-animation=\"mkd-element-from-left\" data-animation-delay=\"1000\"><div class=\"mkd-animation-inner\"><div class=\"mkd-banner-holder\">\n    <div class=\"mkd-banner-image\">\n        <img loading=\"lazy\" decoding=\"async\" width=\"604\" height=\"104\" src=\"https:\/\/audiophony-pa.com\/wp-content\/uploads\/2019\/08\/en_magasin_icon.png\" class=\"attachment-full size-full\" alt=\"\" srcset=\"https:\/\/audiophony-pa.com\/wp-content\/uploads\/2019\/08\/en_magasin_icon.png 604w, https:\/\/audiophony-pa.com\/wp-content\/uploads\/2019\/08\/en_magasin_icon-300x52.png 300w, https:\/\/audiophony-pa.com\/wp-content\/uploads\/2019\/08\/en_magasin_icon-600x103.png 600w\" sizes=\"auto, (max-width: 604px) 100vw, 604px\" \/>    <\/div>\n    <div class=\"mkd-banner-text-holder\">\n\t    <div class=\"mkd-banner-text-inner\">\n\t        \t        \t\t\t\t\t<\/div>\n\t<\/div>\n\t<\/div><div class=\"mkd-is-item mkd-is-left\">\n    <div class=\"mkd-item-inner\">\n                <div class=\"mkd-is-content\">\n                            <h5 class=\"mkd-is-title\" >\n                                        En magasin                                    <\/h5>\n                                        <p class=\"mkd-is-text\" style=\"color: #cc9f03\">\u2605\u2605\u2605\u2605\u2605<\/p>\n                    <\/div>\n                    <div class=\"mkd-is-icon\">\n                    <span class=\"mkd-icon-shortcode mkd-normal mkd-icon-medium\"  >\n                    <i class=\"mkd-icon-font-awesome fa  mkd-icon-element\" style=\"\" ><\/i>            <\/span>\n            <\/div>\n            <\/div>\n<\/div><\/div><\/div>[\/vc_column][vc_column width=&#8221;1\/4&#8243;]<div class=\"mkd-animation-holder mkd-element-from-left\" data-animation=\"mkd-element-from-left\" data-animation-delay=\"1000\"><div class=\"mkd-animation-inner\"><div class=\"mkd-banner-holder\">\n    <div class=\"mkd-banner-image\">\n        <img loading=\"lazy\" decoding=\"async\" width=\"604\" height=\"104\" src=\"https:\/\/audiophony-pa.com\/wp-content\/uploads\/2019\/08\/grands_espaces_icon.png\" class=\"attachment-full size-full\" alt=\"\" srcset=\"https:\/\/audiophony-pa.com\/wp-content\/uploads\/2019\/08\/grands_espaces_icon.png 604w, https:\/\/audiophony-pa.com\/wp-content\/uploads\/2019\/08\/grands_espaces_icon-300x52.png 300w, https:\/\/audiophony-pa.com\/wp-content\/uploads\/2019\/08\/grands_espaces_icon-600x103.png 600w\" sizes=\"auto, (max-width: 604px) 100vw, 604px\" \/>    <\/div>\n    <div class=\"mkd-banner-text-holder\">\n\t    <div class=\"mkd-banner-text-inner\">\n\t        \t        \t\t\t\t\t<\/div>\n\t<\/div>\n\t<\/div><div class=\"mkd-is-item mkd-is-left\">\n    <div class=\"mkd-item-inner\">\n                <div class=\"mkd-is-content\">\n                            <h5 class=\"mkd-is-title\" >\n                                        Les grands espaces                                    <\/h5>\n                                        <p class=\"mkd-is-text\" style=\"color: #cc9f03\">\u2605\u2605\u2605\u2605\u2605<\/p>\n                    <\/div>\n                    <div class=\"mkd-is-icon\">\n                    <span class=\"mkd-icon-shortcode mkd-normal mkd-icon-medium\"  >\n                    <i class=\"mkd-icon-font-awesome fa  mkd-icon-element\" style=\"\" ><\/i>            <\/span>\n            <\/div>\n            <\/div>\n<\/div><\/div><\/div>[\/vc_column][vc_column width=&#8221;1\/4&#8243;][\/vc_column][\/vc_row][vc_row full_width=&#8221;stretch_row_content_no_spaces&#8221; content_text_aligment=&#8221;center&#8221; css=&#8221;.vc_custom_1571321447067{padding-top: 100px !important;padding-bottom: 150px !important;background-image: url(https:\/\/audiophony-pa.com\/wp-content\/uploads\/2019\/08\/audiophony_trouver_revendeur.jpg?id=6515) !important;}&#8221;][vc_column][vc_column_text el_class=&#8221;listen_audiophony&#8221;]<\/p>\n<p style=\"text-align: center; color: white;\"><strong>LISTEN TO AUDIOPHONY P.A. PRODUCTS<\/strong><\/p>\n<p>[\/vc_column_text]<div class=\"mkd-elements-holder mkd-responsive-mode-768\" ><div class=\"mkd-eh-item \"  data-item-class=\"mkd-eh-custom-258055\" data-1280-1600=\"0px 24%\" data-768-1024=\"0px 17%\" data-480=\"0px 3%\">\n\t<div class=\"mkd-eh-item-inner\">\n\t\t<div class=\"mkd-eh-item-content mkd-eh-custom-258055\" style=\"padding: 0px 29%\">\n\t\t\t<div class=\"mkd-section-title-holder\" style=\"text-align: center\">\n\t\t\t\t<p class=\"mkd-st-text\" style=\"color: #ffffff;font-weight: 600\">Trouvez un revendeur agr\u00e9\u00e9 Audiophony P.A. pr\u00e8s de chez vous.<\/p>\n\t<\/div>\t\t<\/div>\n\t<\/div>\n<\/div><\/div>[vc_empty_space height=&#8221;44px&#8221;]<a itemprop=\"url\" href=\"https:\/\/audiophony-pa.com\/trouver-un-revendeur\/\" target=\"_self\" style=\"color: #000000;background-color: #ffffff\" class=\"mkd-btn mkd-btn-medium mkd-btn-solid mkd-btn-custom-hover-bg mkd-btn-custom-border-hover mkd-btn-custom-hover-color mkd-btn-icon\" data-hover-color=\"#000000\" data-hover-bg-color=\"rgba(255,255,255,0.8)\" data-hover-border-color=\"rgba(255,255,255,0.2)\" >\n    <span class=\"mkd-btn-text\"><\/span>\n    <i class=\"mkd-icon-linear-icon lnr lnr-volume-high \" ><\/i><\/a>[\/vc_column][\/vc_row]<\/p>\n<\/div>","protected":false},"excerpt":{"rendered":"<p>4-channel public address amplifier 4 x 240 W at 100 V<br \/>\n&#8211; Amplifier 4 x 240 W at 100 V<br \/>\n&#8211; Compact, lightweight design<br \/>\n&#8211; Rear installer setting<\/p>\n","protected":false},"featured_media":18744,"template":"","meta":[],"product_brand":[],"product_cat":[389],"product_tag":[],"class_list":{"0":"post-18108","1":"product","2":"type-product","3":"status-publish","4":"has-post-thumbnail","6":"product_cat-amplifiers","8":"first","9":"outofstock","10":"shipping-taxable","11":"product-type-simple"},"_links":{"self":[{"href":"https:\/\/audiophony-pa.com\/en\/wp-json\/wp\/v2\/product\/18108","targetHints":{"allow":["GET"]}}],"collection":[{"href":"https:\/\/audiophony-pa.com\/en\/wp-json\/wp\/v2\/product"}],"about":[{"href":"https:\/\/audiophony-pa.com\/en\/wp-json\/wp\/v2\/types\/product"}],"wp:featuredmedia":[{"embeddable":true,"href":"https:\/\/audiophony-pa.com\/en\/wp-json\/wp\/v2\/media\/18744"}],"wp:attachment":[{"href":"https:\/\/audiophony-pa.com\/en\/wp-json\/wp\/v2\/media?parent=18108"}],"wp:term":[{"taxonomy":"product_brand","embeddable":true,"href":"https:\/\/audiophony-pa.com\/en\/wp-json\/wp\/v2\/product_brand?post=18108"},{"taxonomy":"product_cat","embeddable":true,"href":"https:\/\/audiophony-pa.com\/en\/wp-json\/wp\/v2\/product_cat?post=18108"},{"taxonomy":"product_tag","embeddable":true,"href":"https:\/\/audiophony-pa.com\/en\/wp-json\/wp\/v2\/product_tag?post=18108"}],"curies":[{"name":"wp","href":"https:\/\/api.w.org\/{rel}","templated":true}]}}